{"id":46,"date":"2023-08-18T14:24:19","date_gmt":"2023-08-18T17:24:19","guid":{"rendered":"https:\/\/amailarfeliz.com.br\/?page_id=46"},"modified":"2023-09-25T14:12:55","modified_gmt":"2023-09-25T17:12:55","slug":"historia","status":"publish","type":"page","link":"https:\/\/amailarfeliz.com.br\/index.php\/historia\/","title":{"rendered":"Hist\u00f3rico"},"content":{"rendered":"\t\t<div data-elementor-type=\"wp-page\" data-elementor-id=\"46\" class=\"elementor elementor-46\">\n\t\t\t\t\t\t\t\t\t<section class=\"elementor-section elementor-top-section elementor-element elementor-element-6ddd6716 elementor-section-content-middle elementor-reverse-mobile elementor-section-boxed elementor-section-height-default elementor-section-height-default\" data-id=\"6ddd6716\" data-element_type=\"section\">\n\t\t\t\t\t\t<div class=\"elementor-container elementor-column-gap-no\">\n\t\t\t\t\t<div class=\"elementor-column elementor-col-50 elementor-top-column elementor-element elementor-element-3032c373\" data-id=\"3032c373\" data-element_type=\"column\">\n\t\t\t<div class=\"elementor-widget-wrap elementor-element-populated\">\n\t\t\t\t\t\t\t\t<div class=\"elementor-element elementor-element-265ec877 elementor-widget elementor-widget-heading\" data-id=\"265ec877\" data-element_type=\"widget\" data-widget_type=\"heading.default\">\n\t\t\t\t<div class=\"elementor-widget-container\">\n\t\t\t<style>\/*! elementor - v3.15.0 - 09-08-2023 *\/\n.elementor-heading-title{padding:0;margin:0;line-height:1}.elementor-widget-heading .elementor-heading-title[class*=elementor-size-]>a{color:inherit;font-size:inherit;line-height:inherit}.elementor-widget-heading .elementor-heading-title.elementor-size-small{font-size:15px}.elementor-widget-heading .elementor-heading-title.elementor-size-medium{font-size:19px}.elementor-widget-heading .elementor-heading-title.elementor-size-large{font-size:29px}.elementor-widget-heading .elementor-heading-title.elementor-size-xl{font-size:39px}.elementor-widget-heading .elementor-heading-title.elementor-size-xxl{font-size:59px}<\/style><h4 class=\"elementor-heading-title elementor-size-default\">Hist\u00f3rico da Organiza\u00e7\u00e3o<\/h4>\t\t<\/div>\n\t\t\t\t<\/div>\n\t\t\t\t<div class=\"elementor-element elementor-element-41294911 elementor-widget elementor-widget-text-editor\" data-id=\"41294911\" data-element_type=\"widget\" data-widget_type=\"text-editor.default\">\n\t\t\t\t<div class=\"elementor-widget-container\">\n\t\t\t<style>\/*! elementor - v3.15.0 - 09-08-2023 *\/\n.elementor-widget-text-editor.elementor-drop-cap-view-stacked .elementor-drop-cap{background-color:#69727d;color:#fff}.elementor-widget-text-editor.elementor-drop-cap-view-framed .elementor-drop-cap{color:#69727d;border:3px solid;background-color:transparent}.elementor-widget-text-editor:not(.elementor-drop-cap-view-default) .elementor-drop-cap{margin-top:8px}.elementor-widget-text-editor:not(.elementor-drop-cap-view-default) .elementor-drop-cap-letter{width:1em;height:1em}.elementor-widget-text-editor .elementor-drop-cap{float:left;text-align:center;line-height:1;font-size:50px}.elementor-widget-text-editor .elementor-drop-cap-letter{display:inline-block}<\/style>\t\t\t\t<p>O conselho Metropolitano da Confer\u00eancia Asilo S\u00e3o Vicente de Paulo,&nbsp;<span style=\"font-family: var( --e-global-typography-text-font-family ), Sans-serif; word-spacing: normal;\">realizou a doa\u00e7\u00e3o do local da sede Asilo S\u00e3o Vicente de Paulo e todo o material existente e recursos para&nbsp;<\/span><span style=\"font-family: var( --e-global-typography-text-font-family ), Sans-serif; word-spacing: normal;\">uma Associa\u00e7\u00e3o a ser criada com o objetivo de amparar os idosos de Morro Agudo-SP, podendo ser&nbsp;<\/span><span style=\"font-family: var( --e-global-typography-text-font-family ), Sans-serif; word-spacing: normal;\">utilizado at\u00e9 o Cadastro Nacional de Pessoas Jur\u00eddicas por sucess\u00e3o.<\/span><\/p>\n<p>Dentro dessa realidade, a Associa\u00e7\u00e3o Morroagudense de Amparo ao Idoso foi fundado em 15 de&nbsp;<span style=\"font-family: var( --e-global-typography-text-font-family ), Sans-serif; word-spacing: normal;\">setembro de 2005, doravante denominado pela sigla AMAI, \u00e9 uma organiza\u00e7\u00e3o constitu\u00edda sob a&nbsp;<\/span><span style=\"font-family: var( --e-global-typography-text-font-family ), Sans-serif; word-spacing: normal;\">forma de associa\u00e7\u00e3o civil, sem fins lucrativos e de dura\u00e7\u00e3o por tempo indeterminado.<\/span><\/p>\n<p>O servi\u00e7o prestado pela entidade caracteriza-se como Servi\u00e7o da Prote\u00e7\u00e3o Social Especial de alta&nbsp;<span style=\"font-family: var( --e-global-typography-text-font-family ), Sans-serif; word-spacing: normal;\">complexidade, denominado como Servi\u00e7o de Acolhimento Institucional para pessoas idosas com 60&nbsp;<\/span><span style=\"font-family: var( --e-global-typography-text-font-family ), Sans-serif; word-spacing: normal;\">anos ou mais, atendendo mun\u00edcipes de Morro Agudo\/SP, sendo este o \u00fanico servi\u00e7o prestado pela&nbsp;<\/span><span style=\"font-family: var( --e-global-typography-text-font-family ), Sans-serif; word-spacing: normal;\">entidade.<\/span><\/p>\n<p>A institui\u00e7\u00e3o assemelha-se a uma resid\u00eancia, \u00e9 um ambiente bastante acolhedor e tem estrutura f\u00edsica&nbsp;<span style=\"font-family: var( --e-global-typography-text-font-family ), Sans-serif; word-spacing: normal;\">adequada, oferece \u00f3timas condi\u00e7\u00f5es de habitabilidade, higiene, salubridade, seguran\u00e7a, acessibilidade&nbsp;<\/span><span style=\"font-family: var( --e-global-typography-text-font-family ), Sans-serif; word-spacing: normal;\">e privacidade. Seguimos as diretrizes da LOAS (12.435\/2011), NOB-RH\/ SUAS 2006 e resolu\u00e7\u00f5es&nbsp;<\/span><span style=\"font-family: var( --e-global-typography-text-font-family ), Sans-serif; word-spacing: normal;\">relacionadas, bem como as da Vigil\u00e2ncia Sanit\u00e1ria.&nbsp;<\/span><\/p>\t\t\t\t\t\t<\/div>\n\t\t\t\t<\/div>\n\t\t\t\t\t<\/div>\n\t\t<\/div>\n\t\t\t\t<div class=\"elementor-column elementor-col-50 elementor-top-column elementor-element elementor-element-59000286\" data-id=\"59000286\" data-element_type=\"column\">\n\t\t\t<div class=\"elementor-widget-wrap elementor-element-populated\">\n\t\t\t\t\t\t\t\t<div class=\"elementor-element elementor-element-471f500d elementor-widget elementor-widget-image\" data-id=\"471f500d\" data-element_type=\"widget\" data-widget_type=\"image.default\">\n\t\t\t\t<div class=\"elementor-widget-container\">\n\t\t\t<style>\/*! elementor - v3.15.0 - 09-08-2023 *\/\n.elementor-widget-image{text-align:center}.elementor-widget-image a{display:inline-block}.elementor-widget-image a img[src$=\".svg\"]{width:48px}.elementor-widget-image img{vertical-align:middle;display:inline-block}<\/style>\t\t\t\t\t\t\t\t\t\t\t\t<img decoding=\"async\" loading=\"lazy\" width=\"590\" height=\"800\" src=\"https:\/\/amailarfeliz.com.br\/wp-content\/uploads\/2023\/09\/id.png\" class=\"attachment-full size-full wp-image-156\" alt=\"\" srcset=\"https:\/\/amailarfeliz.com.br\/wp-content\/uploads\/2023\/09\/id.png 590w, https:\/\/amailarfeliz.com.br\/wp-content\/uploads\/2023\/09\/id-221x300.png 221w\" sizes=\"(max-width: 590px) 100vw, 590px\" \/>\t\t\t\t\t\t\t\t\t\t\t\t\t\t\t<\/div>\n\t\t\t\t<\/div>\n\t\t\t\t\t<\/div>\n\t\t<\/div>\n\t\t\t\t\t\t\t<\/div>\n\t\t<\/section>\n\t\t\t\t<section class=\"elementor-section elementor-top-section elementor-element elementor-element-4f592fb elementor-section-content-middle elementor-reverse-mobile elementor-section-boxed elementor-section-height-default elementor-section-height-default\" data-id=\"4f592fb\" data-element_type=\"section\">\n\t\t\t\t\t\t<div class=\"elementor-container elementor-column-gap-no\">\n\t\t\t\t\t<div class=\"elementor-column elementor-col-50 elementor-top-column elementor-element elementor-element-989c7da\" data-id=\"989c7da\" data-element_type=\"column\">\n\t\t\t<div class=\"elementor-widget-wrap elementor-element-populated\">\n\t\t\t\t\t\t\t\t<div class=\"elementor-element elementor-element-9eca225 elementor-widget elementor-widget-image\" data-id=\"9eca225\" data-element_type=\"widget\" data-widget_type=\"image.default\">\n\t\t\t\t<div class=\"elementor-widget-container\">\n\t\t\t\t\t\t\t\t\t\t\t\t\t\t\t<img decoding=\"async\" loading=\"lazy\" width=\"590\" height=\"600\" src=\"https:\/\/amailarfeliz.com.br\/wp-content\/uploads\/2023\/09\/esta.png\" class=\"attachment-full size-full wp-image-164\" alt=\"\" srcset=\"https:\/\/amailarfeliz.com.br\/wp-content\/uploads\/2023\/09\/esta.png 590w, https:\/\/amailarfeliz.com.br\/wp-content\/uploads\/2023\/09\/esta-295x300.png 295w\" sizes=\"(max-width: 590px) 100vw, 590px\" \/>\t\t\t\t\t\t\t\t\t\t\t\t\t\t\t<\/div>\n\t\t\t\t<\/div>\n\t\t\t\t\t<\/div>\n\t\t<\/div>\n\t\t\t\t<div class=\"elementor-column elementor-col-50 elementor-top-column elementor-element elementor-element-1a83fbe\" data-id=\"1a83fbe\" data-element_type=\"column\">\n\t\t\t<div class=\"elementor-widget-wrap elementor-element-populated\">\n\t\t\t\t\t\t\t\t<div class=\"elementor-element elementor-element-473a512 elementor-widget elementor-widget-heading\" data-id=\"473a512\" data-element_type=\"widget\" data-widget_type=\"heading.default\">\n\t\t\t\t<div class=\"elementor-widget-container\">\n\t\t\t<h4 class=\"elementor-heading-title elementor-size-default\">Finalidade estatut\u00e1ria<\/h4>\t\t<\/div>\n\t\t\t\t<\/div>\n\t\t\t\t<div class=\"elementor-element elementor-element-af5c1ae elementor-widget elementor-widget-text-editor\" data-id=\"af5c1ae\" data-element_type=\"widget\" data-widget_type=\"text-editor.default\">\n\t\t\t\t<div class=\"elementor-widget-container\">\n\t\t\t\t\t\t\t<p>Art. 2\u00b0- S\u00e3o finalidades da Associa\u00e7\u00e3o Morroagudense de Amparo ao Idoso:<\/p><p>a) Dar assist\u00eancia e promo\u00e7\u00e3o humana, sem distin\u00e7\u00e3o de ra\u00e7a, cor, condi\u00e7\u00e3o social, credo religioso\u00a0<span style=\"font-family: var( --e-global-typography-text-font-family ), Sans-serif; word-spacing: normal;\">ou pol\u00edtico;<\/span><\/p><p>b) Para cumprir a finalidade do item \u201ca\u201d, foi fundado o Lar Feliz, o qual \u00e9 mantido e administrado\u00a0<span style=\"font-family: var( --e-global-typography-text-font-family ), Sans-serif; word-spacing: normal;\">pela Associa\u00e7\u00e3o Morroagudense de Amparo ao Idoso, para nele serem moradores ou seus\u00a0<\/span><span style=\"font-family: var( --e-global-typography-text-font-family ), Sans-serif; word-spacing: normal;\">socorridos, especificadamente as pessoas idosas que dele necessitarem, dentro dos princ\u00edpios e\u00a0<\/span><span style=\"font-family: var( --e-global-typography-text-font-family ), Sans-serif; word-spacing: normal;\">normas do estatuto do idoso (Lei 10.741\/2003); Praticar a boa acolhida inicialmente aos idosos\u00a0<\/span><span style=\"font-family: var( --e-global-typography-text-font-family ), Sans-serif; word-spacing: normal;\">do munic\u00edpio e se houver vagas dispon\u00edveis, aos idosos da regi\u00e3o, de ambos os sexos em n\u00famero\u00a0<\/span><span style=\"font-family: var( --e-global-typography-text-font-family ), Sans-serif; word-spacing: normal;\">m\u00e1ximo de 25 idosos, sendo este o limite da capacidade m\u00e1xima de atendimento do Lar Feliz, s\u00f3\u00a0<\/span><span style=\"font-family: var( --e-global-typography-text-font-family ), Sans-serif; word-spacing: normal;\">podendo ultrapassar esse n\u00famero quando a popula\u00e7\u00e3o do munic\u00edpio ultrapassar os 30 mil\u00a0<\/span><span style=\"font-family: var( --e-global-typography-text-font-family ), Sans-serif; word-spacing: normal;\">habitantes em certid\u00e3o fornecida pelo Instituto Brasileiro de Geografia e\u00a0 Estat\u00edstica, na\u00a0<\/span><span style=\"font-family: var( --e-global-typography-text-font-family ), Sans-serif; word-spacing: normal;\">propor\u00e7\u00e3o de um (1) idoso por mil (1.000) habitantes.<\/span><\/p>\t\t\t\t\t\t<\/div>\n\t\t\t\t<\/div>\n\t\t\t\t\t<\/div>\n\t\t<\/div>\n\t\t\t\t\t\t\t<\/div>\n\t\t<\/section>\n\t\t\t\t\t\t\t<\/div>\n\t\t","protected":false},"excerpt":{"rendered":"<p>Hist\u00f3rico da Organiza\u00e7\u00e3o O conselho Metropolitano da Confer\u00eancia Asilo S\u00e3o Vicente de Paulo,&nbsp;realizou a doa\u00e7\u00e3o do local da sede Asilo S\u00e3o Vicente de Paulo e todo o material existente e recursos para&nbsp;uma Associa\u00e7\u00e3o a ser criada com o objetivo de amparar os idosos de Morro Agudo-SP, podendo ser&nbsp;utilizado at\u00e9 o Cadastro Nacional de Pessoas Jur\u00eddicas por sucess\u00e3o. Dentro dessa realidade, a Associa\u00e7\u00e3o Morroagudense de Amparo ao Idoso foi fundado em 15 de&nbsp;setembro de 2005, doravante denominado pela sigla AMAI, \u00e9 uma organiza\u00e7\u00e3o constitu\u00edda sob a&nbsp;forma de associa\u00e7\u00e3o civil, sem fins lucrativos e de dura\u00e7\u00e3o por tempo indeterminado. O servi\u00e7o prestado pela entidade caracteriza-se como Servi\u00e7o da Prote\u00e7\u00e3o Social Especial de alta&nbsp;complexidade, denominado como Servi\u00e7o de Acolhimento Institucional para pessoas idosas com 60&nbsp;anos ou mais, atendendo mun\u00edcipes de Morro Agudo\/SP, sendo este o \u00fanico servi\u00e7o prestado pela&nbsp;entidade. A institui\u00e7\u00e3o assemelha-se a uma resid\u00eancia, \u00e9 um ambiente bastante acolhedor e tem estrutura&hellip;<\/p>\n<p> <a class=\"more-link\" href=\"https:\/\/amailarfeliz.com.br\/index.php\/historia\/\">Read more<\/a><\/p>\n","protected":false},"author":1,"featured_media":0,"parent":0,"menu_order":0,"comment_status":"closed","ping_status":"closed","template":"elementor_header_footer","meta":{"footnotes":""},"_links":{"self":[{"href":"https:\/\/amailarfeliz.com.br\/index.php\/wp-json\/wp\/v2\/pages\/46"}],"collection":[{"href":"https:\/\/amailarfeliz.com.br\/index.php\/wp-json\/wp\/v2\/pages"}],"about":[{"href":"https:\/\/amailarfeliz.com.br\/index.php\/wp-json\/wp\/v2\/types\/page"}],"author":[{"embeddable":true,"href":"https:\/\/amailarfeliz.com.br\/index.php\/wp-json\/wp\/v2\/users\/1"}],"replies":[{"embeddable":true,"href":"https:\/\/amailarfeliz.com.br\/index.php\/wp-json\/wp\/v2\/comments?post=46"}],"version-history":[{"count":11,"href":"https:\/\/amailarfeliz.com.br\/index.php\/wp-json\/wp\/v2\/pages\/46\/revisions"}],"predecessor-version":[{"id":168,"href":"https:\/\/amailarfeliz.com.br\/index.php\/wp-json\/wp\/v2\/pages\/46\/revisions\/168"}],"wp:attachment":[{"href":"https:\/\/amailarfeliz.com.br\/index.php\/wp-json\/wp\/v2\/media?parent=46"}],"curies":[{"name":"wp","href":"https:\/\/api.w.org\/{rel}","templated":true}]}}